{"id":10749,"date":"2023-11-23T18:07:43","date_gmt":"2023-11-23T17:07:43","guid":{"rendered":"https:\/\/www.maluentu.net\/isola-di-mal-di-ventre\/"},"modified":"2023-12-16T14:54:17","modified_gmt":"2023-12-16T13:54:17","slug":"isola-di-mal-di-ventre","status":"publish","type":"page","link":"https:\/\/www.maluentu.net\/de\/das-gebiet\/isola-di-mal-di-ventre\/","title":{"rendered":"Isola di Mal di Ventre"},"content":{"rendered":"\t\t<div data-elementor-type=\"wp-page\" data-elementor-id=\"10749\" class=\"elementor elementor-10749 elementor-9824\" data-elementor-post-type=\"page\">\n\t\t\t\t<div class=\"elementor-element elementor-element-695b2ae e-flex e-con-boxed e-con e-parent\" data-id=\"695b2ae\" data-element_type=\"container\">\n\t\t\t\t\t<div class=\"e-con-inner\">\n\t\t<div class=\"elementor-element elementor-element-2c55633 e-con-full e-flex e-con e-child\" data-id=\"2c55633\" data-element_type=\"container\">\n\t\t\t\t<div class=\"elementor-element elementor-element-ca09938 elementor-widget elementor-widget-heading\" data-id=\"ca09938\" data-element_type=\"widget\" data-widget_type=\"heading.default\">\n\t\t\t\t<div class=\"elementor-widget-container\">\n\t\t\t\t\t<h2 class=\"elementor-heading-title elementor-size-default\"> Isola di Mal di Ventre<\/h2>\t\t\t\t<\/div>\n\t\t\t\t<\/div>\n\t\t\t\t<div class=\"elementor-element elementor-element-4412360e elementor-widget elementor-widget-text-editor\" data-id=\"4412360e\" data-element_type=\"widget\" data-widget_type=\"text-editor.default\">\n\t\t\t\t<div class=\"elementor-widget-container\">\n\t\t\t\t\t\t\t\t\t<p>Wenige Seemeilen vor der K\u00fcste der Halbinsel Sinis liegt die kleine Insel Maluentu (Mal di Ventre). Ihr Name in der sardischen Sprache ist auf ihre Exposition zu starken Winden zur\u00fcckzuf\u00fchren, die w\u00e4hrend heftiger St\u00fcrme die umliegenden Gew\u00e4sser besonders t\u00fcckisch machen.<br \/>Die Insel, deren Vegetation sp\u00e4rlich und haupts\u00e4chlich aus mediterraner Macchia besteht, ist ein gesch\u00fctzter Meerespark und Brutgebiet f\u00fcr verschiedene Vogelarten.<br \/>Die sie umgebenden Gew\u00e4sser beherbergen Meeresschildkr\u00f6ten und oft auch Wale.<\/p>\t\t\t\t\t\t\t\t<\/div>\n\t\t\t\t<\/div>\n\t\t\t\t<\/div>\n\t\t<div class=\"elementor-element elementor-element-7c92b07 e-con-full e-flex e-con e-child\" data-id=\"7c92b07\" data-element_type=\"container\">\n\t\t\t\t<div class=\"elementor-element elementor-element-a5b968e elementor-widget elementor-widget-image\" data-id=\"a5b968e\" data-element_type=\"widget\" data-widget_type=\"image.default\">\n\t\t\t\t<div class=\"elementor-widget-container\">\n\t\t\t\t\t\t\t\t\t\t\t\t\t\t\t<img fetchpriority=\"high\" decoding=\"async\" width=\"800\" height=\"533\" src=\"https:\/\/www.maluentu.net\/wp-content\/uploads\/2023\/11\/isola-mal-di-ventre.jpg\" class=\"attachment-large size-large wp-image-10750\" alt=\"\" srcset=\"https:\/\/www.maluentu.net\/wp-content\/uploads\/2023\/11\/isola-mal-di-ventre.jpg 800w, https:\/\/www.maluentu.net\/wp-content\/uploads\/2023\/11\/isola-mal-di-ventre-300x200.jpg 300w, https:\/\/www.maluentu.net\/wp-content\/uploads\/2023\/11\/isola-mal-di-ventre-768x512.jpg 768w, https:\/\/www.maluentu.net\/wp-content\/uploads\/2023\/11\/isola-mal-di-ventre-120x80.jpg 120w\" sizes=\"(max-width: 800px) 100vw, 800px\" \/>\t\t\t\t\t\t\t\t\t\t\t\t\t\t\t<\/div>\n\t\t\t\t<\/div>\n\t\t\t\t<\/div>\n\t\t\t\t\t<\/div>\n\t\t\t\t<\/div>\n\t\t<div class=\"elementor-element elementor-element-73cf7b00 e-flex e-con-boxed e-con e-parent\" data-id=\"73cf7b00\" data-element_type=\"container\">\n\t\t\t\t\t<div class=\"e-con-inner\">\n\t\t\t\t\t<\/div>\n\t\t\t\t<\/div>\n\t\t\t\t<\/div>\n\t\t","protected":false},"excerpt":{"rendered":"<p>Isola di Mal di Ventre Wenige Seemeilen vor der K\u00fcste der Halbinsel Sinis liegt die kleine Insel Maluentu (Mal di Ventre). Ihr Name in der sardischen Sprache ist auf ihre Exposition zu starken Winden zur\u00fcckzuf\u00fchren, die w\u00e4hrend heftiger St\u00fcrme die umliegenden Gew\u00e4sser besonders t\u00fcckisch machen.Die Insel, deren Vegetation sp\u00e4rlich und haupts\u00e4chlich aus mediterraner Macchia besteht, [&hellip;]<\/p>\n","protected":false},"author":1,"featured_media":10750,"parent":10974,"menu_order":0,"comment_status":"closed","ping_status":"closed","template":"elementor_header_footer","meta":{"inline_featured_image":false,"footnotes":""},"class_list":["post-10749","page","type-page","status-publish","has-post-thumbnail","hentry"],"yoast_head":"<!-- This site is optimized with the Yoast SEO plugin v26.8 - https:\/\/yoast.com\/product\/yoast-seo-wordpress\/ -->\n<title>Isola di Mal di Ventre - Maluentu - Hotel, Bar &amp; Restaurant<\/title>\n<meta name=\"description\" content=\"Isola di Mal di Ventre Wenige Seemeilen vor der K\u00fcste der Halbinsel Sinis liegt die kleine Insel Maluentu (Mal di Ventre). Ihr Name in der sardischen\" \/>\n<meta name=\"robots\" content=\"index, follow, max-snippet:-1, max-image-preview:large, max-video-preview:-1\" \/>\n<link rel=\"canonical\" href=\"https:\/\/www.maluentu.net\/territorio\/isola-di-mal-di-ventre\/\" \/>\n<meta property=\"og:locale\" content=\"de_DE\" \/>\n<meta property=\"og:type\" content=\"article\" \/>\n<meta property=\"og:title\" content=\"Isola di Mal di Ventre - Maluentu - Hotel, Bar &amp; Restaurant\" \/>\n<meta property=\"og:description\" content=\"Isola di Mal di Ventre Wenige Seemeilen vor der K\u00fcste der Halbinsel Sinis liegt die kleine Insel Maluentu (Mal di Ventre). Ihr Name in der sardischen\" \/>\n<meta property=\"og:url\" content=\"https:\/\/www.maluentu.net\/territorio\/isola-di-mal-di-ventre\/\" \/>\n<meta property=\"og:site_name\" content=\"Maluentu - Hotel, Bar &amp; Restaurant\" \/>\n<meta property=\"article:publisher\" content=\"https:\/\/www.facebook.com\/MaluentuPutzuidu\" \/>\n<meta property=\"article:modified_time\" content=\"2023-12-16T13:54:17+00:00\" \/>\n<meta property=\"og:image\" content=\"https:\/\/www.maluentu.net\/wp-content\/uploads\/2023\/11\/isola-mal-di-ventre.jpg\" \/>\n\t<meta property=\"og:image:width\" content=\"800\" \/>\n\t<meta property=\"og:image:height\" content=\"533\" \/>\n\t<meta property=\"og:image:type\" content=\"image\/jpeg\" \/>\n<meta name=\"twitter:card\" content=\"summary_large_image\" \/>\n<meta name=\"twitter:label1\" content=\"Gesch\u00e4tzte Lesezeit\" \/>\n\t<meta name=\"twitter:data1\" content=\"1\u00a0Minute\" \/>\n<script type=\"application\/ld+json\" class=\"yoast-schema-graph\">{\"@context\":\"https:\/\/schema.org\",\"@graph\":[{\"@type\":\"WebPage\",\"@id\":\"https:\/\/www.maluentu.net\/territorio\/isola-di-mal-di-ventre\/\",\"url\":\"https:\/\/www.maluentu.net\/territorio\/isola-di-mal-di-ventre\/\",\"name\":\"Isola di Mal di Ventre - Maluentu - Hotel, Bar &amp; Restaurant\",\"isPartOf\":{\"@id\":\"https:\/\/www.maluentu.net\/#website\"},\"primaryImageOfPage\":{\"@id\":\"https:\/\/www.maluentu.net\/territorio\/isola-di-mal-di-ventre\/#primaryimage\"},\"image\":{\"@id\":\"https:\/\/www.maluentu.net\/territorio\/isola-di-mal-di-ventre\/#primaryimage\"},\"thumbnailUrl\":\"https:\/\/www.maluentu.net\/wp-content\/uploads\/2023\/11\/isola-mal-di-ventre.jpg\",\"datePublished\":\"2023-11-23T17:07:43+00:00\",\"dateModified\":\"2023-12-16T13:54:17+00:00\",\"description\":\"Isola di Mal di Ventre Wenige Seemeilen vor der K\u00fcste der Halbinsel Sinis liegt die kleine Insel Maluentu (Mal di Ventre). Ihr Name in der sardischen\",\"breadcrumb\":{\"@id\":\"https:\/\/www.maluentu.net\/territorio\/isola-di-mal-di-ventre\/#breadcrumb\"},\"inLanguage\":\"de\",\"potentialAction\":[{\"@type\":\"ReadAction\",\"target\":[\"https:\/\/www.maluentu.net\/territorio\/isola-di-mal-di-ventre\/\"]}]},{\"@type\":\"ImageObject\",\"inLanguage\":\"de\",\"@id\":\"https:\/\/www.maluentu.net\/territorio\/isola-di-mal-di-ventre\/#primaryimage\",\"url\":\"https:\/\/www.maluentu.net\/wp-content\/uploads\/2023\/11\/isola-mal-di-ventre.jpg\",\"contentUrl\":\"https:\/\/www.maluentu.net\/wp-content\/uploads\/2023\/11\/isola-mal-di-ventre.jpg\",\"width\":800,\"height\":533},{\"@type\":\"BreadcrumbList\",\"@id\":\"https:\/\/www.maluentu.net\/territorio\/isola-di-mal-di-ventre\/#breadcrumb\",\"itemListElement\":[{\"@type\":\"ListItem\",\"position\":1,\"name\":\"Home\",\"item\":\"https:\/\/www.maluentu.net\/en\/\"},{\"@type\":\"ListItem\",\"position\":2,\"name\":\"Das Gebiet\",\"item\":\"https:\/\/www.maluentu.net\/de\/das-gebiet\/\"},{\"@type\":\"ListItem\",\"position\":3,\"name\":\"Isola di Mal di Ventre\"}]},{\"@type\":\"WebSite\",\"@id\":\"https:\/\/www.maluentu.net\/#website\",\"url\":\"https:\/\/www.maluentu.net\/\",\"name\":\"Maluentu - Hotel, Bar & Restaurant\",\"description\":\"\",\"publisher\":{\"@id\":\"https:\/\/www.maluentu.net\/#organization\"},\"potentialAction\":[{\"@type\":\"SearchAction\",\"target\":{\"@type\":\"EntryPoint\",\"urlTemplate\":\"https:\/\/www.maluentu.net\/?s={search_term_string}\"},\"query-input\":{\"@type\":\"PropertyValueSpecification\",\"valueRequired\":true,\"valueName\":\"search_term_string\"}}],\"inLanguage\":\"de\"},{\"@type\":\"Organization\",\"@id\":\"https:\/\/www.maluentu.net\/#organization\",\"name\":\"Maluentu\",\"url\":\"https:\/\/www.maluentu.net\/\",\"logo\":{\"@type\":\"ImageObject\",\"inLanguage\":\"de\",\"@id\":\"https:\/\/www.maluentu.net\/#\/schema\/logo\/image\/\",\"url\":\"https:\/\/www.maluentu.net\/wp-content\/uploads\/2023\/10\/Logo_Maluentu_500.png\",\"contentUrl\":\"https:\/\/www.maluentu.net\/wp-content\/uploads\/2023\/10\/Logo_Maluentu_500.png\",\"width\":500,\"height\":500,\"caption\":\"Maluentu\"},\"image\":{\"@id\":\"https:\/\/www.maluentu.net\/#\/schema\/logo\/image\/\"},\"sameAs\":[\"https:\/\/www.facebook.com\/MaluentuPutzuidu\",\"https:\/\/www.instagram.com\/maluentu\/\"]}]}<\/script>\n<!-- \/ Yoast SEO plugin. -->","yoast_head_json":{"title":"Isola di Mal di Ventre - Maluentu - Hotel, Bar &amp; Restaurant","description":"Isola di Mal di Ventre Wenige Seemeilen vor der K\u00fcste der Halbinsel Sinis liegt die kleine Insel Maluentu (Mal di Ventre). Ihr Name in der sardischen","robots":{"index":"index","follow":"follow","max-snippet":"max-snippet:-1","max-image-preview":"max-image-preview:large","max-video-preview":"max-video-preview:-1"},"canonical":"https:\/\/www.maluentu.net\/territorio\/isola-di-mal-di-ventre\/","og_locale":"de_DE","og_type":"article","og_title":"Isola di Mal di Ventre - Maluentu - Hotel, Bar &amp; Restaurant","og_description":"Isola di Mal di Ventre Wenige Seemeilen vor der K\u00fcste der Halbinsel Sinis liegt die kleine Insel Maluentu (Mal di Ventre). Ihr Name in der sardischen","og_url":"https:\/\/www.maluentu.net\/territorio\/isola-di-mal-di-ventre\/","og_site_name":"Maluentu - Hotel, Bar &amp; Restaurant","article_publisher":"https:\/\/www.facebook.com\/MaluentuPutzuidu","article_modified_time":"2023-12-16T13:54:17+00:00","og_image":[{"width":800,"height":533,"url":"https:\/\/www.maluentu.net\/wp-content\/uploads\/2023\/11\/isola-mal-di-ventre.jpg","type":"image\/jpeg"}],"twitter_card":"summary_large_image","twitter_misc":{"Gesch\u00e4tzte Lesezeit":"1\u00a0Minute"},"schema":{"@context":"https:\/\/schema.org","@graph":[{"@type":"WebPage","@id":"https:\/\/www.maluentu.net\/territorio\/isola-di-mal-di-ventre\/","url":"https:\/\/www.maluentu.net\/territorio\/isola-di-mal-di-ventre\/","name":"Isola di Mal di Ventre - Maluentu - Hotel, Bar &amp; Restaurant","isPartOf":{"@id":"https:\/\/www.maluentu.net\/#website"},"primaryImageOfPage":{"@id":"https:\/\/www.maluentu.net\/territorio\/isola-di-mal-di-ventre\/#primaryimage"},"image":{"@id":"https:\/\/www.maluentu.net\/territorio\/isola-di-mal-di-ventre\/#primaryimage"},"thumbnailUrl":"https:\/\/www.maluentu.net\/wp-content\/uploads\/2023\/11\/isola-mal-di-ventre.jpg","datePublished":"2023-11-23T17:07:43+00:00","dateModified":"2023-12-16T13:54:17+00:00","description":"Isola di Mal di Ventre Wenige Seemeilen vor der K\u00fcste der Halbinsel Sinis liegt die kleine Insel Maluentu (Mal di Ventre). Ihr Name in der sardischen","breadcrumb":{"@id":"https:\/\/www.maluentu.net\/territorio\/isola-di-mal-di-ventre\/#breadcrumb"},"inLanguage":"de","potentialAction":[{"@type":"ReadAction","target":["https:\/\/www.maluentu.net\/territorio\/isola-di-mal-di-ventre\/"]}]},{"@type":"ImageObject","inLanguage":"de","@id":"https:\/\/www.maluentu.net\/territorio\/isola-di-mal-di-ventre\/#primaryimage","url":"https:\/\/www.maluentu.net\/wp-content\/uploads\/2023\/11\/isola-mal-di-ventre.jpg","contentUrl":"https:\/\/www.maluentu.net\/wp-content\/uploads\/2023\/11\/isola-mal-di-ventre.jpg","width":800,"height":533},{"@type":"BreadcrumbList","@id":"https:\/\/www.maluentu.net\/territorio\/isola-di-mal-di-ventre\/#breadcrumb","itemListElement":[{"@type":"ListItem","position":1,"name":"Home","item":"https:\/\/www.maluentu.net\/en\/"},{"@type":"ListItem","position":2,"name":"Das Gebiet","item":"https:\/\/www.maluentu.net\/de\/das-gebiet\/"},{"@type":"ListItem","position":3,"name":"Isola di Mal di Ventre"}]},{"@type":"WebSite","@id":"https:\/\/www.maluentu.net\/#website","url":"https:\/\/www.maluentu.net\/","name":"Maluentu - Hotel, Bar & Restaurant","description":"","publisher":{"@id":"https:\/\/www.maluentu.net\/#organization"},"potentialAction":[{"@type":"SearchAction","target":{"@type":"EntryPoint","urlTemplate":"https:\/\/www.maluentu.net\/?s={search_term_string}"},"query-input":{"@type":"PropertyValueSpecification","valueRequired":true,"valueName":"search_term_string"}}],"inLanguage":"de"},{"@type":"Organization","@id":"https:\/\/www.maluentu.net\/#organization","name":"Maluentu","url":"https:\/\/www.maluentu.net\/","logo":{"@type":"ImageObject","inLanguage":"de","@id":"https:\/\/www.maluentu.net\/#\/schema\/logo\/image\/","url":"https:\/\/www.maluentu.net\/wp-content\/uploads\/2023\/10\/Logo_Maluentu_500.png","contentUrl":"https:\/\/www.maluentu.net\/wp-content\/uploads\/2023\/10\/Logo_Maluentu_500.png","width":500,"height":500,"caption":"Maluentu"},"image":{"@id":"https:\/\/www.maluentu.net\/#\/schema\/logo\/image\/"},"sameAs":["https:\/\/www.facebook.com\/MaluentuPutzuidu","https:\/\/www.instagram.com\/maluentu\/"]}]}},"_links":{"self":[{"href":"https:\/\/www.maluentu.net\/de\/wp-json\/wp\/v2\/pages\/10749","targetHints":{"allow":["GET"]}}],"collection":[{"href":"https:\/\/www.maluentu.net\/de\/wp-json\/wp\/v2\/pages"}],"about":[{"href":"https:\/\/www.maluentu.net\/de\/wp-json\/wp\/v2\/types\/page"}],"author":[{"embeddable":true,"href":"https:\/\/www.maluentu.net\/de\/wp-json\/wp\/v2\/users\/1"}],"replies":[{"embeddable":true,"href":"https:\/\/www.maluentu.net\/de\/wp-json\/wp\/v2\/comments?post=10749"}],"version-history":[{"count":4,"href":"https:\/\/www.maluentu.net\/de\/wp-json\/wp\/v2\/pages\/10749\/revisions"}],"predecessor-version":[{"id":10754,"href":"https:\/\/www.maluentu.net\/de\/wp-json\/wp\/v2\/pages\/10749\/revisions\/10754"}],"up":[{"embeddable":true,"href":"https:\/\/www.maluentu.net\/de\/wp-json\/wp\/v2\/pages\/10974"}],"wp:featuredmedia":[{"embeddable":true,"href":"https:\/\/www.maluentu.net\/de\/wp-json\/wp\/v2\/media\/10750"}],"wp:attachment":[{"href":"https:\/\/www.maluentu.net\/de\/wp-json\/wp\/v2\/media?parent=10749"}],"curies":[{"name":"wp","href":"https:\/\/api.w.org\/{rel}","templated":true}]}}