{"id":10755,"date":"2023-11-23T18:09:28","date_gmt":"2023-11-23T17:09:28","guid":{"rendered":"https:\/\/www.maluentu.net\/is-arutas\/"},"modified":"2023-12-16T14:56:38","modified_gmt":"2023-12-16T13:56:38","slug":"is-arutas","status":"publish","type":"page","link":"https:\/\/www.maluentu.net\/de\/das-gebiet\/is-arutas\/","title":{"rendered":"Maimoni"},"content":{"rendered":"\t\t<div data-elementor-type=\"wp-page\" data-elementor-id=\"10755\" class=\"elementor elementor-10755 elementor-9830\" data-elementor-post-type=\"page\">\n\t\t\t\t<div class=\"elementor-element elementor-element-695b2ae e-flex e-con-boxed e-con e-parent\" data-id=\"695b2ae\" data-element_type=\"container\">\n\t\t\t\t\t<div class=\"e-con-inner\">\n\t\t<div class=\"elementor-element elementor-element-2c55633 e-con-full e-flex e-con e-child\" data-id=\"2c55633\" data-element_type=\"container\">\n\t\t\t\t<div class=\"elementor-element elementor-element-ca09938 elementor-widget elementor-widget-heading\" data-id=\"ca09938\" data-element_type=\"widget\" data-widget_type=\"heading.default\">\n\t\t\t\t<div class=\"elementor-widget-container\">\n\t\t\t\t\t<h2 class=\"elementor-heading-title elementor-size-default\">Maimoni<\/h2>\t\t\t\t<\/div>\n\t\t\t\t<\/div>\n\t\t\t\t<div class=\"elementor-element elementor-element-4412360e elementor-widget elementor-widget-text-editor\" data-id=\"4412360e\" data-element_type=\"widget\" data-widget_type=\"text-editor.default\">\n\t\t\t\t<div class=\"elementor-widget-container\">\n\t\t\t\t\t\t\t\t\t<p>Der sch\u00f6ne Strand von Maimoni ist nach einer alten sardo-ph\u00f6nizischen Gottheit, Maimone, dem Schutzpatron gegen D\u00fcrre, benannt.<br \/>Sein langer Sandstrand besteht aus schimmernden Quarzkristallen und feinstem Sand, was ihn zu einem der sch\u00f6nsten und wildesten Str\u00e4nde von Sinis macht.<\/p>\t\t\t\t\t\t\t\t<\/div>\n\t\t\t\t<\/div>\n\t\t\t\t<\/div>\n\t\t<div class=\"elementor-element elementor-element-7c92b07 e-con-full e-flex e-con e-child\" data-id=\"7c92b07\" data-element_type=\"container\">\n\t\t\t\t<div class=\"elementor-element elementor-element-a5b968e elementor-widget elementor-widget-image\" data-id=\"a5b968e\" data-element_type=\"widget\" data-widget_type=\"image.default\">\n\t\t\t\t<div class=\"elementor-widget-container\">\n\t\t\t\t\t\t\t\t\t\t\t\t\t\t\t<img fetchpriority=\"high\" decoding=\"async\" width=\"800\" height=\"533\" src=\"https:\/\/www.maluentu.net\/wp-content\/uploads\/2023\/11\/mai-moni.jpg\" class=\"attachment-large size-large wp-image-10756\" alt=\"\" srcset=\"https:\/\/www.maluentu.net\/wp-content\/uploads\/2023\/11\/mai-moni.jpg 800w, https:\/\/www.maluentu.net\/wp-content\/uploads\/2023\/11\/mai-moni-300x200.jpg 300w, https:\/\/www.maluentu.net\/wp-content\/uploads\/2023\/11\/mai-moni-768x512.jpg 768w, https:\/\/www.maluentu.net\/wp-content\/uploads\/2023\/11\/mai-moni-120x80.jpg 120w\" sizes=\"(max-width: 800px) 100vw, 800px\" \/>\t\t\t\t\t\t\t\t\t\t\t\t\t\t\t<\/div>\n\t\t\t\t<\/div>\n\t\t\t\t<\/div>\n\t\t\t\t\t<\/div>\n\t\t\t\t<\/div>\n\t\t<div class=\"elementor-element elementor-element-73cf7b00 e-flex e-con-boxed e-con e-parent\" data-id=\"73cf7b00\" data-element_type=\"container\">\n\t\t\t\t\t<div class=\"e-con-inner\">\n\t\t\t\t\t<\/div>\n\t\t\t\t<\/div>\n\t\t\t\t<\/div>\n\t\t","protected":false},"excerpt":{"rendered":"<p>Maimoni Der sch\u00f6ne Strand von Maimoni ist nach einer alten sardo-ph\u00f6nizischen Gottheit, Maimone, dem Schutzpatron gegen D\u00fcrre, benannt.Sein langer Sandstrand besteht aus schimmernden Quarzkristallen und feinstem Sand, was ihn zu einem der sch\u00f6nsten und wildesten Str\u00e4nde von Sinis macht.<\/p>\n","protected":false},"author":1,"featured_media":10756,"parent":10974,"menu_order":0,"comment_status":"closed","ping_status":"closed","template":"elementor_header_footer","meta":{"inline_featured_image":false,"footnotes":""},"class_list":["post-10755","page","type-page","status-publish","has-post-thumbnail","hentry"],"yoast_head":"<!-- This site is optimized with the Yoast SEO plugin v26.8 - https:\/\/yoast.com\/product\/yoast-seo-wordpress\/ -->\n<title>Maimoni - Maluentu - Hotel, Bar &amp; Restaurant<\/title>\n<meta name=\"description\" content=\"Maimoni Der sch\u00f6ne Strand von Maimoni ist nach einer alten sardo-ph\u00f6nizischen Gottheit, Maimone, dem Schutzpatron gegen D\u00fcrre, benannt.Sein langer\" \/>\n<meta name=\"robots\" content=\"index, follow, max-snippet:-1, max-image-preview:large, max-video-preview:-1\" \/>\n<link rel=\"canonical\" href=\"https:\/\/www.maluentu.net\/territorio\/is-arutas\/\" \/>\n<meta property=\"og:locale\" content=\"de_DE\" \/>\n<meta property=\"og:type\" content=\"article\" \/>\n<meta property=\"og:title\" content=\"Maimoni - Maluentu - Hotel, Bar &amp; Restaurant\" \/>\n<meta property=\"og:description\" content=\"Maimoni Der sch\u00f6ne Strand von Maimoni ist nach einer alten sardo-ph\u00f6nizischen Gottheit, Maimone, dem Schutzpatron gegen D\u00fcrre, benannt.Sein langer\" \/>\n<meta property=\"og:url\" content=\"https:\/\/www.maluentu.net\/territorio\/is-arutas\/\" \/>\n<meta property=\"og:site_name\" content=\"Maluentu - Hotel, Bar &amp; Restaurant\" \/>\n<meta property=\"article:publisher\" content=\"https:\/\/www.facebook.com\/MaluentuPutzuidu\" \/>\n<meta property=\"article:modified_time\" content=\"2023-12-16T13:56:38+00:00\" \/>\n<meta property=\"og:image\" content=\"https:\/\/www.maluentu.net\/wp-content\/uploads\/2023\/11\/mai-moni.jpg\" \/>\n\t<meta property=\"og:image:width\" content=\"800\" \/>\n\t<meta property=\"og:image:height\" content=\"533\" \/>\n\t<meta property=\"og:image:type\" content=\"image\/jpeg\" \/>\n<meta name=\"twitter:card\" content=\"summary_large_image\" \/>\n<meta name=\"twitter:label1\" content=\"Gesch\u00e4tzte Lesezeit\" \/>\n\t<meta name=\"twitter:data1\" content=\"1\u00a0Minute\" \/>\n<script type=\"application\/ld+json\" class=\"yoast-schema-graph\">{\"@context\":\"https:\/\/schema.org\",\"@graph\":[{\"@type\":\"WebPage\",\"@id\":\"https:\/\/www.maluentu.net\/territorio\/is-arutas\/\",\"url\":\"https:\/\/www.maluentu.net\/territorio\/is-arutas\/\",\"name\":\"Maimoni - Maluentu - Hotel, Bar &amp; Restaurant\",\"isPartOf\":{\"@id\":\"https:\/\/www.maluentu.net\/#website\"},\"primaryImageOfPage\":{\"@id\":\"https:\/\/www.maluentu.net\/territorio\/is-arutas\/#primaryimage\"},\"image\":{\"@id\":\"https:\/\/www.maluentu.net\/territorio\/is-arutas\/#primaryimage\"},\"thumbnailUrl\":\"https:\/\/www.maluentu.net\/wp-content\/uploads\/2023\/11\/mai-moni.jpg\",\"datePublished\":\"2023-11-23T17:09:28+00:00\",\"dateModified\":\"2023-12-16T13:56:38+00:00\",\"description\":\"Maimoni Der sch\u00f6ne Strand von Maimoni ist nach einer alten sardo-ph\u00f6nizischen Gottheit, Maimone, dem Schutzpatron gegen D\u00fcrre, benannt.Sein langer\",\"breadcrumb\":{\"@id\":\"https:\/\/www.maluentu.net\/territorio\/is-arutas\/#breadcrumb\"},\"inLanguage\":\"de\",\"potentialAction\":[{\"@type\":\"ReadAction\",\"target\":[\"https:\/\/www.maluentu.net\/territorio\/is-arutas\/\"]}]},{\"@type\":\"ImageObject\",\"inLanguage\":\"de\",\"@id\":\"https:\/\/www.maluentu.net\/territorio\/is-arutas\/#primaryimage\",\"url\":\"https:\/\/www.maluentu.net\/wp-content\/uploads\/2023\/11\/mai-moni.jpg\",\"contentUrl\":\"https:\/\/www.maluentu.net\/wp-content\/uploads\/2023\/11\/mai-moni.jpg\",\"width\":800,\"height\":533},{\"@type\":\"BreadcrumbList\",\"@id\":\"https:\/\/www.maluentu.net\/territorio\/is-arutas\/#breadcrumb\",\"itemListElement\":[{\"@type\":\"ListItem\",\"position\":1,\"name\":\"Home\",\"item\":\"https:\/\/www.maluentu.net\/en\/\"},{\"@type\":\"ListItem\",\"position\":2,\"name\":\"Das Gebiet\",\"item\":\"https:\/\/www.maluentu.net\/de\/das-gebiet\/\"},{\"@type\":\"ListItem\",\"position\":3,\"name\":\"Maimoni\"}]},{\"@type\":\"WebSite\",\"@id\":\"https:\/\/www.maluentu.net\/#website\",\"url\":\"https:\/\/www.maluentu.net\/\",\"name\":\"Maluentu - Hotel, Bar & Restaurant\",\"description\":\"\",\"publisher\":{\"@id\":\"https:\/\/www.maluentu.net\/#organization\"},\"potentialAction\":[{\"@type\":\"SearchAction\",\"target\":{\"@type\":\"EntryPoint\",\"urlTemplate\":\"https:\/\/www.maluentu.net\/?s={search_term_string}\"},\"query-input\":{\"@type\":\"PropertyValueSpecification\",\"valueRequired\":true,\"valueName\":\"search_term_string\"}}],\"inLanguage\":\"de\"},{\"@type\":\"Organization\",\"@id\":\"https:\/\/www.maluentu.net\/#organization\",\"name\":\"Maluentu\",\"url\":\"https:\/\/www.maluentu.net\/\",\"logo\":{\"@type\":\"ImageObject\",\"inLanguage\":\"de\",\"@id\":\"https:\/\/www.maluentu.net\/#\/schema\/logo\/image\/\",\"url\":\"https:\/\/www.maluentu.net\/wp-content\/uploads\/2023\/10\/Logo_Maluentu_500.png\",\"contentUrl\":\"https:\/\/www.maluentu.net\/wp-content\/uploads\/2023\/10\/Logo_Maluentu_500.png\",\"width\":500,\"height\":500,\"caption\":\"Maluentu\"},\"image\":{\"@id\":\"https:\/\/www.maluentu.net\/#\/schema\/logo\/image\/\"},\"sameAs\":[\"https:\/\/www.facebook.com\/MaluentuPutzuidu\",\"https:\/\/www.instagram.com\/maluentu\/\"]}]}<\/script>\n<!-- \/ Yoast SEO plugin. -->","yoast_head_json":{"title":"Maimoni - Maluentu - Hotel, Bar &amp; Restaurant","description":"Maimoni Der sch\u00f6ne Strand von Maimoni ist nach einer alten sardo-ph\u00f6nizischen Gottheit, Maimone, dem Schutzpatron gegen D\u00fcrre, benannt.Sein langer","robots":{"index":"index","follow":"follow","max-snippet":"max-snippet:-1","max-image-preview":"max-image-preview:large","max-video-preview":"max-video-preview:-1"},"canonical":"https:\/\/www.maluentu.net\/territorio\/is-arutas\/","og_locale":"de_DE","og_type":"article","og_title":"Maimoni - Maluentu - Hotel, Bar &amp; Restaurant","og_description":"Maimoni Der sch\u00f6ne Strand von Maimoni ist nach einer alten sardo-ph\u00f6nizischen Gottheit, Maimone, dem Schutzpatron gegen D\u00fcrre, benannt.Sein langer","og_url":"https:\/\/www.maluentu.net\/territorio\/is-arutas\/","og_site_name":"Maluentu - Hotel, Bar &amp; Restaurant","article_publisher":"https:\/\/www.facebook.com\/MaluentuPutzuidu","article_modified_time":"2023-12-16T13:56:38+00:00","og_image":[{"width":800,"height":533,"url":"https:\/\/www.maluentu.net\/wp-content\/uploads\/2023\/11\/mai-moni.jpg","type":"image\/jpeg"}],"twitter_card":"summary_large_image","twitter_misc":{"Gesch\u00e4tzte Lesezeit":"1\u00a0Minute"},"schema":{"@context":"https:\/\/schema.org","@graph":[{"@type":"WebPage","@id":"https:\/\/www.maluentu.net\/territorio\/is-arutas\/","url":"https:\/\/www.maluentu.net\/territorio\/is-arutas\/","name":"Maimoni - Maluentu - Hotel, Bar &amp; Restaurant","isPartOf":{"@id":"https:\/\/www.maluentu.net\/#website"},"primaryImageOfPage":{"@id":"https:\/\/www.maluentu.net\/territorio\/is-arutas\/#primaryimage"},"image":{"@id":"https:\/\/www.maluentu.net\/territorio\/is-arutas\/#primaryimage"},"thumbnailUrl":"https:\/\/www.maluentu.net\/wp-content\/uploads\/2023\/11\/mai-moni.jpg","datePublished":"2023-11-23T17:09:28+00:00","dateModified":"2023-12-16T13:56:38+00:00","description":"Maimoni Der sch\u00f6ne Strand von Maimoni ist nach einer alten sardo-ph\u00f6nizischen Gottheit, Maimone, dem Schutzpatron gegen D\u00fcrre, benannt.Sein langer","breadcrumb":{"@id":"https:\/\/www.maluentu.net\/territorio\/is-arutas\/#breadcrumb"},"inLanguage":"de","potentialAction":[{"@type":"ReadAction","target":["https:\/\/www.maluentu.net\/territorio\/is-arutas\/"]}]},{"@type":"ImageObject","inLanguage":"de","@id":"https:\/\/www.maluentu.net\/territorio\/is-arutas\/#primaryimage","url":"https:\/\/www.maluentu.net\/wp-content\/uploads\/2023\/11\/mai-moni.jpg","contentUrl":"https:\/\/www.maluentu.net\/wp-content\/uploads\/2023\/11\/mai-moni.jpg","width":800,"height":533},{"@type":"BreadcrumbList","@id":"https:\/\/www.maluentu.net\/territorio\/is-arutas\/#breadcrumb","itemListElement":[{"@type":"ListItem","position":1,"name":"Home","item":"https:\/\/www.maluentu.net\/en\/"},{"@type":"ListItem","position":2,"name":"Das Gebiet","item":"https:\/\/www.maluentu.net\/de\/das-gebiet\/"},{"@type":"ListItem","position":3,"name":"Maimoni"}]},{"@type":"WebSite","@id":"https:\/\/www.maluentu.net\/#website","url":"https:\/\/www.maluentu.net\/","name":"Maluentu - Hotel, Bar & Restaurant","description":"","publisher":{"@id":"https:\/\/www.maluentu.net\/#organization"},"potentialAction":[{"@type":"SearchAction","target":{"@type":"EntryPoint","urlTemplate":"https:\/\/www.maluentu.net\/?s={search_term_string}"},"query-input":{"@type":"PropertyValueSpecification","valueRequired":true,"valueName":"search_term_string"}}],"inLanguage":"de"},{"@type":"Organization","@id":"https:\/\/www.maluentu.net\/#organization","name":"Maluentu","url":"https:\/\/www.maluentu.net\/","logo":{"@type":"ImageObject","inLanguage":"de","@id":"https:\/\/www.maluentu.net\/#\/schema\/logo\/image\/","url":"https:\/\/www.maluentu.net\/wp-content\/uploads\/2023\/10\/Logo_Maluentu_500.png","contentUrl":"https:\/\/www.maluentu.net\/wp-content\/uploads\/2023\/10\/Logo_Maluentu_500.png","width":500,"height":500,"caption":"Maluentu"},"image":{"@id":"https:\/\/www.maluentu.net\/#\/schema\/logo\/image\/"},"sameAs":["https:\/\/www.facebook.com\/MaluentuPutzuidu","https:\/\/www.instagram.com\/maluentu\/"]}]}},"_links":{"self":[{"href":"https:\/\/www.maluentu.net\/de\/wp-json\/wp\/v2\/pages\/10755","targetHints":{"allow":["GET"]}}],"collection":[{"href":"https:\/\/www.maluentu.net\/de\/wp-json\/wp\/v2\/pages"}],"about":[{"href":"https:\/\/www.maluentu.net\/de\/wp-json\/wp\/v2\/types\/page"}],"author":[{"embeddable":true,"href":"https:\/\/www.maluentu.net\/de\/wp-json\/wp\/v2\/users\/1"}],"replies":[{"embeddable":true,"href":"https:\/\/www.maluentu.net\/de\/wp-json\/wp\/v2\/comments?post=10755"}],"version-history":[{"count":4,"href":"https:\/\/www.maluentu.net\/de\/wp-json\/wp\/v2\/pages\/10755\/revisions"}],"predecessor-version":[{"id":10760,"href":"https:\/\/www.maluentu.net\/de\/wp-json\/wp\/v2\/pages\/10755\/revisions\/10760"}],"up":[{"embeddable":true,"href":"https:\/\/www.maluentu.net\/de\/wp-json\/wp\/v2\/pages\/10974"}],"wp:featuredmedia":[{"embeddable":true,"href":"https:\/\/www.maluentu.net\/de\/wp-json\/wp\/v2\/media\/10756"}],"wp:attachment":[{"href":"https:\/\/www.maluentu.net\/de\/wp-json\/wp\/v2\/media?parent=10755"}],"curies":[{"name":"wp","href":"https:\/\/api.w.org\/{rel}","templated":true}]}}