{"id":10790,"date":"2023-11-27T17:15:02","date_gmt":"2023-11-27T16:15:02","guid":{"rendered":"https:\/\/www.maluentu.net\/putzu-idu\/"},"modified":"2025-01-24T16:48:57","modified_gmt":"2025-01-24T15:48:57","slug":"putzu-idu","status":"publish","type":"page","link":"https:\/\/www.maluentu.net\/de\/das-gebiet\/putzu-idu\/","title":{"rendered":"Putzu Idu"},"content":{"rendered":"\t\t<div data-elementor-type=\"wp-page\" data-elementor-id=\"10790\" class=\"elementor elementor-10790 elementor-9860\" data-elementor-post-type=\"page\">\n\t\t\t\t<div class=\"elementor-element elementor-element-695b2ae e-flex e-con-boxed e-con e-parent\" data-id=\"695b2ae\" data-element_type=\"container\">\n\t\t\t\t\t<div class=\"e-con-inner\">\n\t\t<div class=\"elementor-element elementor-element-2c55633 e-con-full e-flex e-con e-child\" data-id=\"2c55633\" data-element_type=\"container\">\n\t\t\t\t<div class=\"elementor-element elementor-element-ca09938 elementor-widget elementor-widget-heading\" data-id=\"ca09938\" data-element_type=\"widget\" data-widget_type=\"heading.default\">\n\t\t\t\t<div class=\"elementor-widget-container\">\n\t\t\t\t\t<h2 class=\"elementor-heading-title elementor-size-default\"> Putzu Idu<\/h2>\t\t\t\t<\/div>\n\t\t\t\t<\/div>\n\t\t\t\t<div class=\"elementor-element elementor-element-4412360e elementor-widget elementor-widget-text-editor\" data-id=\"4412360e\" data-element_type=\"widget\" data-widget_type=\"text-editor.default\">\n\t\t\t\t<div class=\"elementor-widget-container\">\n\t\t\t\t\t\t\t\t\t<p>Dies ist der Strand, an dem das Hotel Maluentu liegt. Auch \u201eCala Saline\u201c genannt, zeichnet er sich durch einen Strand aus feinem, wei\u00dfem Sand und kristallklarem Wasser mit schillernden, flachen Tiefen aus. Vor der K\u00fcste, nur wenige Meilen entfernt, liegt die Insel Maluentu (Mal di Ventre), ein St\u00fcck Land, das sich durch karge Natur und wei\u00dfe Str\u00e4nde auszeichnet. Hinter dem Strand befindet sich der Salina Manna, ein Salzsee, in dem verschiedene Vogelarten, darunter der rosa Flamingo, migrieren und sich niederlassen.<\/p>\t\t\t\t\t\t\t\t<\/div>\n\t\t\t\t<\/div>\n\t\t\t\t<\/div>\n\t\t<div class=\"elementor-element elementor-element-7c92b07 e-con-full e-flex e-con e-child\" data-id=\"7c92b07\" data-element_type=\"container\">\n\t\t\t\t<div class=\"elementor-element elementor-element-a5b968e elementor-widget elementor-widget-image\" data-id=\"a5b968e\" data-element_type=\"widget\" data-widget_type=\"image.default\">\n\t\t\t\t<div class=\"elementor-widget-container\">\n\t\t\t\t\t\t\t\t\t\t\t\t\t\t\t<img fetchpriority=\"high\" decoding=\"async\" width=\"980\" height=\"580\" src=\"https:\/\/www.maluentu.net\/wp-content\/uploads\/2023\/11\/putzu-idu-1024x606.jpg\" class=\"attachment-large size-large wp-image-10791\" alt=\"\" srcset=\"https:\/\/www.maluentu.net\/wp-content\/uploads\/2023\/11\/putzu-idu-1024x606.jpg 1024w, https:\/\/www.maluentu.net\/wp-content\/uploads\/2023\/11\/putzu-idu-300x178.jpg 300w, https:\/\/www.maluentu.net\/wp-content\/uploads\/2023\/11\/putzu-idu-768x454.jpg 768w, https:\/\/www.maluentu.net\/wp-content\/uploads\/2023\/11\/putzu-idu-204x120.jpg 204w, https:\/\/www.maluentu.net\/wp-content\/uploads\/2023\/11\/putzu-idu.jpg 1200w\" sizes=\"(max-width: 980px) 100vw, 980px\" \/>\t\t\t\t\t\t\t\t\t\t\t\t\t\t\t<\/div>\n\t\t\t\t<\/div>\n\t\t\t\t<\/div>\n\t\t\t\t\t<\/div>\n\t\t\t\t<\/div>\n\t\t<div class=\"elementor-element elementor-element-73cf7b00 e-flex e-con-boxed e-con e-parent\" data-id=\"73cf7b00\" data-element_type=\"container\">\n\t\t\t\t\t<div class=\"e-con-inner\">\n\t\t\t\t\t<\/div>\n\t\t\t\t<\/div>\n\t\t\t\t<\/div>\n\t\t","protected":false},"excerpt":{"rendered":"<p>Putzu Idu Dies ist der Strand, an dem das Hotel Maluentu liegt. Auch \u201eCala Saline\u201c genannt, zeichnet er sich durch einen Strand aus feinem, wei\u00dfem Sand und kristallklarem Wasser mit schillernden, flachen Tiefen aus. Vor der K\u00fcste, nur wenige Meilen entfernt, liegt die Insel Maluentu (Mal di Ventre), ein St\u00fcck Land, das sich durch karge [&hellip;]<\/p>\n","protected":false},"author":1,"featured_media":10791,"parent":10974,"menu_order":0,"comment_status":"closed","ping_status":"closed","template":"elementor_header_footer","meta":{"inline_featured_image":false,"footnotes":""},"class_list":["post-10790","page","type-page","status-publish","has-post-thumbnail","hentry"],"yoast_head":"<!-- This site is optimized with the Yoast SEO plugin v26.8 - https:\/\/yoast.com\/product\/yoast-seo-wordpress\/ -->\n<title>Putzu Idu - Maluentu - Hotel, Bar &amp; Restaurant<\/title>\n<meta name=\"description\" content=\"Putzu Idu Dies ist der Strand, an dem das Hotel Maluentu liegt. Auch \u201eCala Saline\u201c genannt, zeichnet er sich durch einen Strand aus feinem, wei\u00dfem Sand\" \/>\n<meta name=\"robots\" content=\"index, follow, max-snippet:-1, max-image-preview:large, max-video-preview:-1\" \/>\n<link rel=\"canonical\" href=\"https:\/\/www.maluentu.net\/territorio\/putzu-idu\/\" \/>\n<meta property=\"og:locale\" content=\"de_DE\" \/>\n<meta property=\"og:type\" content=\"article\" \/>\n<meta property=\"og:title\" content=\"Putzu Idu - Maluentu - Hotel, Bar &amp; Restaurant\" \/>\n<meta property=\"og:description\" content=\"Putzu Idu Dies ist der Strand, an dem das Hotel Maluentu liegt. Auch \u201eCala Saline\u201c genannt, zeichnet er sich durch einen Strand aus feinem, wei\u00dfem Sand\" \/>\n<meta property=\"og:url\" content=\"https:\/\/www.maluentu.net\/territorio\/putzu-idu\/\" \/>\n<meta property=\"og:site_name\" content=\"Maluentu - Hotel, Bar &amp; Restaurant\" \/>\n<meta property=\"article:publisher\" content=\"https:\/\/www.facebook.com\/MaluentuPutzuidu\" \/>\n<meta property=\"article:modified_time\" content=\"2025-01-24T15:48:57+00:00\" \/>\n<meta property=\"og:image\" content=\"https:\/\/www.maluentu.net\/wp-content\/uploads\/2023\/11\/putzu-idu.jpg\" \/>\n\t<meta property=\"og:image:width\" content=\"1200\" \/>\n\t<meta property=\"og:image:height\" content=\"710\" \/>\n\t<meta property=\"og:image:type\" content=\"image\/jpeg\" \/>\n<meta name=\"twitter:card\" content=\"summary_large_image\" \/>\n<meta name=\"twitter:label1\" content=\"Gesch\u00e4tzte Lesezeit\" \/>\n\t<meta name=\"twitter:data1\" content=\"1\u00a0Minute\" \/>\n<script type=\"application\/ld+json\" class=\"yoast-schema-graph\">{\"@context\":\"https:\/\/schema.org\",\"@graph\":[{\"@type\":\"WebPage\",\"@id\":\"https:\/\/www.maluentu.net\/territorio\/putzu-idu\/\",\"url\":\"https:\/\/www.maluentu.net\/territorio\/putzu-idu\/\",\"name\":\"Putzu Idu - Maluentu - Hotel, Bar &amp; Restaurant\",\"isPartOf\":{\"@id\":\"https:\/\/www.maluentu.net\/#website\"},\"primaryImageOfPage\":{\"@id\":\"https:\/\/www.maluentu.net\/territorio\/putzu-idu\/#primaryimage\"},\"image\":{\"@id\":\"https:\/\/www.maluentu.net\/territorio\/putzu-idu\/#primaryimage\"},\"thumbnailUrl\":\"https:\/\/www.maluentu.net\/wp-content\/uploads\/2023\/11\/putzu-idu.jpg\",\"datePublished\":\"2023-11-27T16:15:02+00:00\",\"dateModified\":\"2025-01-24T15:48:57+00:00\",\"description\":\"Putzu Idu Dies ist der Strand, an dem das Hotel Maluentu liegt. Auch \u201eCala Saline\u201c genannt, zeichnet er sich durch einen Strand aus feinem, wei\u00dfem Sand\",\"breadcrumb\":{\"@id\":\"https:\/\/www.maluentu.net\/territorio\/putzu-idu\/#breadcrumb\"},\"inLanguage\":\"de\",\"potentialAction\":[{\"@type\":\"ReadAction\",\"target\":[\"https:\/\/www.maluentu.net\/territorio\/putzu-idu\/\"]}]},{\"@type\":\"ImageObject\",\"inLanguage\":\"de\",\"@id\":\"https:\/\/www.maluentu.net\/territorio\/putzu-idu\/#primaryimage\",\"url\":\"https:\/\/www.maluentu.net\/wp-content\/uploads\/2023\/11\/putzu-idu.jpg\",\"contentUrl\":\"https:\/\/www.maluentu.net\/wp-content\/uploads\/2023\/11\/putzu-idu.jpg\",\"width\":1200,\"height\":710},{\"@type\":\"BreadcrumbList\",\"@id\":\"https:\/\/www.maluentu.net\/territorio\/putzu-idu\/#breadcrumb\",\"itemListElement\":[{\"@type\":\"ListItem\",\"position\":1,\"name\":\"Home\",\"item\":\"https:\/\/www.maluentu.net\/en\/\"},{\"@type\":\"ListItem\",\"position\":2,\"name\":\"Das Gebiet\",\"item\":\"https:\/\/www.maluentu.net\/de\/das-gebiet\/\"},{\"@type\":\"ListItem\",\"position\":3,\"name\":\"Putzu Idu\"}]},{\"@type\":\"WebSite\",\"@id\":\"https:\/\/www.maluentu.net\/#website\",\"url\":\"https:\/\/www.maluentu.net\/\",\"name\":\"Maluentu - Hotel, Bar & Restaurant\",\"description\":\"\",\"publisher\":{\"@id\":\"https:\/\/www.maluentu.net\/#organization\"},\"potentialAction\":[{\"@type\":\"SearchAction\",\"target\":{\"@type\":\"EntryPoint\",\"urlTemplate\":\"https:\/\/www.maluentu.net\/?s={search_term_string}\"},\"query-input\":{\"@type\":\"PropertyValueSpecification\",\"valueRequired\":true,\"valueName\":\"search_term_string\"}}],\"inLanguage\":\"de\"},{\"@type\":\"Organization\",\"@id\":\"https:\/\/www.maluentu.net\/#organization\",\"name\":\"Maluentu\",\"url\":\"https:\/\/www.maluentu.net\/\",\"logo\":{\"@type\":\"ImageObject\",\"inLanguage\":\"de\",\"@id\":\"https:\/\/www.maluentu.net\/#\/schema\/logo\/image\/\",\"url\":\"https:\/\/www.maluentu.net\/wp-content\/uploads\/2023\/10\/Logo_Maluentu_500.png\",\"contentUrl\":\"https:\/\/www.maluentu.net\/wp-content\/uploads\/2023\/10\/Logo_Maluentu_500.png\",\"width\":500,\"height\":500,\"caption\":\"Maluentu\"},\"image\":{\"@id\":\"https:\/\/www.maluentu.net\/#\/schema\/logo\/image\/\"},\"sameAs\":[\"https:\/\/www.facebook.com\/MaluentuPutzuidu\",\"https:\/\/www.instagram.com\/maluentu\/\"]}]}<\/script>\n<!-- \/ Yoast SEO plugin. -->","yoast_head_json":{"title":"Putzu Idu - Maluentu - Hotel, Bar &amp; Restaurant","description":"Putzu Idu Dies ist der Strand, an dem das Hotel Maluentu liegt. Auch \u201eCala Saline\u201c genannt, zeichnet er sich durch einen Strand aus feinem, wei\u00dfem Sand","robots":{"index":"index","follow":"follow","max-snippet":"max-snippet:-1","max-image-preview":"max-image-preview:large","max-video-preview":"max-video-preview:-1"},"canonical":"https:\/\/www.maluentu.net\/territorio\/putzu-idu\/","og_locale":"de_DE","og_type":"article","og_title":"Putzu Idu - Maluentu - Hotel, Bar &amp; Restaurant","og_description":"Putzu Idu Dies ist der Strand, an dem das Hotel Maluentu liegt. Auch \u201eCala Saline\u201c genannt, zeichnet er sich durch einen Strand aus feinem, wei\u00dfem Sand","og_url":"https:\/\/www.maluentu.net\/territorio\/putzu-idu\/","og_site_name":"Maluentu - Hotel, Bar &amp; Restaurant","article_publisher":"https:\/\/www.facebook.com\/MaluentuPutzuidu","article_modified_time":"2025-01-24T15:48:57+00:00","og_image":[{"width":1200,"height":710,"url":"https:\/\/www.maluentu.net\/wp-content\/uploads\/2023\/11\/putzu-idu.jpg","type":"image\/jpeg"}],"twitter_card":"summary_large_image","twitter_misc":{"Gesch\u00e4tzte Lesezeit":"1\u00a0Minute"},"schema":{"@context":"https:\/\/schema.org","@graph":[{"@type":"WebPage","@id":"https:\/\/www.maluentu.net\/territorio\/putzu-idu\/","url":"https:\/\/www.maluentu.net\/territorio\/putzu-idu\/","name":"Putzu Idu - Maluentu - Hotel, Bar &amp; Restaurant","isPartOf":{"@id":"https:\/\/www.maluentu.net\/#website"},"primaryImageOfPage":{"@id":"https:\/\/www.maluentu.net\/territorio\/putzu-idu\/#primaryimage"},"image":{"@id":"https:\/\/www.maluentu.net\/territorio\/putzu-idu\/#primaryimage"},"thumbnailUrl":"https:\/\/www.maluentu.net\/wp-content\/uploads\/2023\/11\/putzu-idu.jpg","datePublished":"2023-11-27T16:15:02+00:00","dateModified":"2025-01-24T15:48:57+00:00","description":"Putzu Idu Dies ist der Strand, an dem das Hotel Maluentu liegt. Auch \u201eCala Saline\u201c genannt, zeichnet er sich durch einen Strand aus feinem, wei\u00dfem Sand","breadcrumb":{"@id":"https:\/\/www.maluentu.net\/territorio\/putzu-idu\/#breadcrumb"},"inLanguage":"de","potentialAction":[{"@type":"ReadAction","target":["https:\/\/www.maluentu.net\/territorio\/putzu-idu\/"]}]},{"@type":"ImageObject","inLanguage":"de","@id":"https:\/\/www.maluentu.net\/territorio\/putzu-idu\/#primaryimage","url":"https:\/\/www.maluentu.net\/wp-content\/uploads\/2023\/11\/putzu-idu.jpg","contentUrl":"https:\/\/www.maluentu.net\/wp-content\/uploads\/2023\/11\/putzu-idu.jpg","width":1200,"height":710},{"@type":"BreadcrumbList","@id":"https:\/\/www.maluentu.net\/territorio\/putzu-idu\/#breadcrumb","itemListElement":[{"@type":"ListItem","position":1,"name":"Home","item":"https:\/\/www.maluentu.net\/en\/"},{"@type":"ListItem","position":2,"name":"Das Gebiet","item":"https:\/\/www.maluentu.net\/de\/das-gebiet\/"},{"@type":"ListItem","position":3,"name":"Putzu Idu"}]},{"@type":"WebSite","@id":"https:\/\/www.maluentu.net\/#website","url":"https:\/\/www.maluentu.net\/","name":"Maluentu - Hotel, Bar & Restaurant","description":"","publisher":{"@id":"https:\/\/www.maluentu.net\/#organization"},"potentialAction":[{"@type":"SearchAction","target":{"@type":"EntryPoint","urlTemplate":"https:\/\/www.maluentu.net\/?s={search_term_string}"},"query-input":{"@type":"PropertyValueSpecification","valueRequired":true,"valueName":"search_term_string"}}],"inLanguage":"de"},{"@type":"Organization","@id":"https:\/\/www.maluentu.net\/#organization","name":"Maluentu","url":"https:\/\/www.maluentu.net\/","logo":{"@type":"ImageObject","inLanguage":"de","@id":"https:\/\/www.maluentu.net\/#\/schema\/logo\/image\/","url":"https:\/\/www.maluentu.net\/wp-content\/uploads\/2023\/10\/Logo_Maluentu_500.png","contentUrl":"https:\/\/www.maluentu.net\/wp-content\/uploads\/2023\/10\/Logo_Maluentu_500.png","width":500,"height":500,"caption":"Maluentu"},"image":{"@id":"https:\/\/www.maluentu.net\/#\/schema\/logo\/image\/"},"sameAs":["https:\/\/www.facebook.com\/MaluentuPutzuidu","https:\/\/www.instagram.com\/maluentu\/"]}]}},"_links":{"self":[{"href":"https:\/\/www.maluentu.net\/de\/wp-json\/wp\/v2\/pages\/10790","targetHints":{"allow":["GET"]}}],"collection":[{"href":"https:\/\/www.maluentu.net\/de\/wp-json\/wp\/v2\/pages"}],"about":[{"href":"https:\/\/www.maluentu.net\/de\/wp-json\/wp\/v2\/types\/page"}],"author":[{"embeddable":true,"href":"https:\/\/www.maluentu.net\/de\/wp-json\/wp\/v2\/users\/1"}],"replies":[{"embeddable":true,"href":"https:\/\/www.maluentu.net\/de\/wp-json\/wp\/v2\/comments?post=10790"}],"version-history":[{"count":7,"href":"https:\/\/www.maluentu.net\/de\/wp-json\/wp\/v2\/pages\/10790\/revisions"}],"predecessor-version":[{"id":12930,"href":"https:\/\/www.maluentu.net\/de\/wp-json\/wp\/v2\/pages\/10790\/revisions\/12930"}],"up":[{"embeddable":true,"href":"https:\/\/www.maluentu.net\/de\/wp-json\/wp\/v2\/pages\/10974"}],"wp:featuredmedia":[{"embeddable":true,"href":"https:\/\/www.maluentu.net\/de\/wp-json\/wp\/v2\/media\/10791"}],"wp:attachment":[{"href":"https:\/\/www.maluentu.net\/de\/wp-json\/wp\/v2\/media?parent=10790"}],"curies":[{"name":"wp","href":"https:\/\/api.w.org\/{rel}","templated":true}]}}