{"id":10974,"date":"2023-10-11T18:49:55","date_gmt":"2023-10-11T16:49:55","guid":{"rendered":"https:\/\/www.maluentu.net\/territorio\/"},"modified":"2023-12-18T18:27:31","modified_gmt":"2023-12-18T17:27:31","slug":"das-gebiet","status":"publish","type":"page","link":"https:\/\/www.maluentu.net\/de\/das-gebiet\/","title":{"rendered":"Das Gebiet"},"content":{"rendered":"\t\t<div data-elementor-type=\"wp-page\" data-elementor-id=\"10974\" class=\"elementor elementor-10974 elementor-7355\" data-elementor-post-type=\"page\">\n\t\t\t\t\t\t<section class=\"elementor-section elementor-top-section elementor-element elementor-element-fdd35a5 elementor-section-stretched elementor-section-boxed elementor-section-height-default elementor-section-height-default\" data-id=\"fdd35a5\" data-element_type=\"section\" data-settings=\"{&quot;stretch_section&quot;:&quot;section-stretched&quot;}\">\n\t\t\t\t\t\t<div class=\"elementor-container elementor-column-gap-no\">\n\t\t\t\t\t<div class=\"elementor-column elementor-col-100 elementor-top-column elementor-element elementor-element-7ddf217\" data-id=\"7ddf217\" data-element_type=\"column\">\n\t\t\t<div class=\"elementor-widget-wrap elementor-element-populated\">\n\t\t\t\t\t\t<div class=\"elementor-element elementor-element-748a1fe elementor-widget elementor-widget-heading\" data-id=\"748a1fe\" data-element_type=\"widget\" data-widget_type=\"heading.default\">\n\t\t\t\t<div class=\"elementor-widget-container\">\n\t\t\t\t\t<h5 class=\"elementor-heading-title elementor-size-default\">unser land <\/h5>\t\t\t\t<\/div>\n\t\t\t\t<\/div>\n\t\t\t\t<div class=\"elementor-element elementor-element-3f17266 elementor-widget elementor-widget-heading\" data-id=\"3f17266\" data-element_type=\"widget\" data-widget_type=\"heading.default\">\n\t\t\t\t<div class=\"elementor-widget-container\">\n\t\t\t\t\t<h2 class=\"elementor-heading-title elementor-size-default\">Das Gebiet<\/h2>\t\t\t\t<\/div>\n\t\t\t\t<\/div>\n\t\t\t\t<section class=\"elementor-section elementor-inner-section elementor-element elementor-element-d9f6d12 elementor-section-boxed elementor-section-height-default elementor-section-height-default\" data-id=\"d9f6d12\" data-element_type=\"section\">\n\t\t\t\t\t\t<div class=\"elementor-container elementor-column-gap-no\">\n\t\t\t\t\t<div class=\"elementor-column elementor-col-100 elementor-inner-column elementor-element elementor-element-b8e70cb\" data-id=\"b8e70cb\" data-element_type=\"column\">\n\t\t\t<div class=\"elementor-widget-wrap elementor-element-populated\">\n\t\t\t\t\t\t<div class=\"elementor-element elementor-element-1e1b86f elementor-widget__width-initial elementor-widget elementor-widget-text-editor\" data-id=\"1e1b86f\" data-element_type=\"widget\" data-widget_type=\"text-editor.default\">\n\t\t\t\t<div class=\"elementor-widget-container\">\n\t\t\t\t\t\t\t\t\t<p>Die Halbinsel Sinis erstreckt sich \u00fcber etwa 19 km K\u00fcste zwischen dem s\u00fcdwestlichen Ende des Leuchtturms von Capo San Marco und dem nordwestlichen Ende des Leuchtturms von Capo Mannu.<\/p><p>Von der Europ\u00e4ischen Kommission als exzellentes &#8222;Eden&#8220;-Ziel anerkannt, gilt sie als ein authentisches Paradies, in dem au\u00dfergew\u00f6hnliche nat\u00fcrliche und tierische Sch\u00f6nheiten, arch\u00e4ologische St\u00e4tten von weltweiter Bedeutung und kulturelle Zeugnisse der wichtigsten mediterranen Zivilisationen bewahrt werden.<\/p><p>In den 26.000 Hektar dieses vom Menschen unber\u00fchrten Gebietes k\u00f6nnen Sie authentische Landschaften genie\u00dfen, die von wunderbaren wei\u00dfen Str\u00e4nden, leuchtenden D\u00fcnen, unber\u00fchrten kleinen Inseln, Salzseen, Teichen, Klippen, Buchten und Einschnitten gepr\u00e4gt sind, die ihresgleichen suchen.<\/p><p>Die kristallklaren Gew\u00e4sser der Gegend sind f\u00fcr ihre Qualit\u00e4t bekannt und das Meer bietet Str\u00e4nde, an denen Badeg\u00e4ste sicher schwimmen k\u00f6nnen, sowie R\u00e4ume f\u00fcr Wassersportarten. Die Buchten bieten zudem hervorragende Ankerpl\u00e4tze f\u00fcr Segel- und Motorboote.<\/p>\t\t\t\t\t\t\t\t<\/div>\n\t\t\t\t<\/div>\n\t\t\t\t\t<\/div>\n\t\t<\/div>\n\t\t\t\t\t<\/div>\n\t\t<\/section>\n\t\t\t\t\t<\/div>\n\t\t<\/div>\n\t\t\t\t\t<\/div>\n\t\t<\/section>\n\t\t\t\t<section class=\"elementor-section elementor-top-section elementor-element elementor-element-623c580 elementor-section-stretched elementor-section-boxed elementor-section-height-default elementor-section-height-default\" data-id=\"623c580\" data-element_type=\"section\" data-settings=\"{&quot;stretch_section&quot;:&quot;section-stretched&quot;}\">\n\t\t\t\t\t\t<div class=\"elementor-container elementor-column-gap-no\">\n\t\t\t\t\t<div class=\"elementor-column elementor-col-100 elementor-top-column elementor-element elementor-element-71ed4be\" data-id=\"71ed4be\" data-element_type=\"column\">\n\t\t\t<div class=\"elementor-widget-wrap elementor-element-populated\">\n\t\t\t\t\t\t<div class=\"elementor-element elementor-element-e41e42a elementor-widget elementor-widget-shortcode\" data-id=\"e41e42a\" data-element_type=\"widget\" data-widget_type=\"shortcode.default\">\n\t\t\t\t<div class=\"elementor-widget-container\">\n\t\t\t\t\t\t\t<div class=\"elementor-shortcode\"><div class=\"codespacing_progress_map_area cspm_linear_gradient_bg\" data-map-id=\"map8541\" data-show-infobox=\"true\" data-infobox-display-event=\"onload\"  style=\"width:100%; height:720px;\"><input type=\"hidden\" name=\"cspm_map_page_id_map8541\" id=\"cspm_map_page_id_map8541\" value=\"10974\" \/><div class=\"cspm-row\" style=\"margin:0; padding:0;\"><div class=\"cspm-col-lg-12 cspm-col-xs-12 cspm-col-sm-12 cspm-col-md-12\" style=\"position:relative; overflow:hidden; margin:0; padding:0;\"><div class=\"cspm_custom_controls\" data-map-id=\"map8541\"><div class=\"cspm_map_red_msg_widget cspm_border_shadow cspm_border_radius\" data-map-id=\"map8541\"><\/div><div class=\"cspm_map_green_msg_widget cspm_border_shadow cspm_border_radius\" data-map-id=\"map8541\"><\/div><div class=\"cspm_map_orange_msg_widget cspm_border_shadow cspm_border_radius\" data-map-id=\"map8541\"><\/div><div class=\"cspm_map_blue_msg_widget cspm_border_shadow cspm_border_radius\" data-map-id=\"map8541\"><\/div><div class=\"cspm_map_help_msg_widget cspm_border_shadow cspm_border_radius\" data-map-id=\"map8541\"><\/div><div id=\"pulsating_holder\" class=\"map8541_pulsating\"><div class=\"dot cspm_border_hex\"><\/div><\/div><div class=\"cspm_zoom_container\"><div class=\"cspm_zoom_in_map8541 cspm_map_btn cspm_zoom_in_control cspm_bg_rgb_hover cspm_border_shadow cspm_border_top_radius\" title=\"Zoom in\"><img decoding=\"async\" class=\"cspm_svg cspm_svg_white\" src=\"https:\/\/www.maluentu.net\/wp-content\/plugins\/codespacing-progress-map\/img\/svg\/addition-sign.svg\" \/><\/div><div class=\"cspm_zoom_out_map8541 cspm_map_btn cspm_zoom_out_control cspm_bg_rgb_hover cspm_border_shadow cspm_border_bottom_radius\" title=\"Zoom out\"><img decoding=\"async\" class=\"cspm_svg cspm_svg_white\" src=\"https:\/\/www.maluentu.net\/wp-content\/plugins\/codespacing-progress-map\/img\/svg\/minus-sign.svg\" \/><\/div><\/div><div class=\"cluster_posts_widget_map8541 cspm_border_shadow cspm_border_radius\"><div class=\"cspm_infobox_spinner cspm_border_top_after_hex\"><\/div><\/div><div class=\"cspm_recenter_map_btn cspm_map_btn cspm_border_shadow cspm_border_radius\" data-map-id=\"map8541\" title=\"Recenter the map\" style=\"top:115px\"><img decoding=\"async\" class=\"cspm_svg cspm_svg_colored\" src=\"https:\/\/www.maluentu.net\/wp-content\/plugins\/codespacing-progress-map\/img\/svg\/recenter.svg\" \/><\/div><div class=\"cspm_map_sidebars\" data-map-id=\"map8541\"><div class=\"cspm_sidebar top\" data-map-id=\"map8541\" data-content_id=\"\"><\/div><div class=\"cspm_sidebar right\" data-map-id=\"map8541\" data-content_id=\"\"><\/div><div class=\"cspm_sidebar bottom\" data-map-id=\"map8541\" data-content_id=\"\"><\/div><div class=\"cspm_sidebar left\" data-map-id=\"map8541\" data-content_id=\"\"><\/div><\/div><\/div><div id=\"codespacing_progress_map_div_map8541\" data-map-id=\"map8541\" style=\"height:542px;\"><\/div><\/div><\/div><div class=\"cspm-row\" style=\"margin:0; padding:0\"><div id=\"cspm_carousel_container\" data-map-id=\"map8541\" class=\"cspm-col-lg-12 cspm-col-xs-12 cspm-col-sm-12 cspm-col-md-12\" style=\"margin:0; padding:0; height:auto;\"><ul id=\"cspm_carousel_map8541\" data-map-id=\"map8541\" class=\"jcarousel-skin-default\" style=\"height:158px;\"><\/ul><\/div><\/div><\/div><\/div>\n\t\t\t\t\t\t<\/div>\n\t\t\t\t<\/div>\n\t\t\t\t\t<\/div>\n\t\t<\/div>\n\t\t\t\t\t<\/div>\n\t\t<\/section>\n\t\t<div class=\"elementor-element elementor-element-6a822dc e-flex e-con-boxed e-con e-parent\" data-id=\"6a822dc\" data-element_type=\"container\">\n\t\t\t\t\t<div class=\"e-con-inner\">\n\t\t\t\t<div class=\"elementor-element elementor-element-2318b4b elementor-widget elementor-widget-spacer\" data-id=\"2318b4b\" data-element_type=\"widget\" data-widget_type=\"spacer.default\">\n\t\t\t\t<div class=\"elementor-widget-container\">\n\t\t\t\t\t\t\t<div class=\"elementor-spacer\">\n\t\t\t<div class=\"elementor-spacer-inner\"><\/div>\n\t\t<\/div>\n\t\t\t\t\t\t<\/div>\n\t\t\t\t<\/div>\n\t\t\t\t\t<\/div>\n\t\t\t\t<\/div>\n\t\t\t\t<\/div>\n\t\t","protected":false},"excerpt":{"rendered":"<p>unser land Das Gebiet Die Halbinsel Sinis erstreckt sich \u00fcber etwa 19 km K\u00fcste zwischen dem s\u00fcdwestlichen Ende des Leuchtturms von Capo San Marco und dem nordwestlichen Ende des Leuchtturms von Capo Mannu. Von der Europ\u00e4ischen Kommission als exzellentes &#8222;Eden&#8220;-Ziel anerkannt, gilt sie als ein authentisches Paradies, in dem au\u00dfergew\u00f6hnliche nat\u00fcrliche und tierische Sch\u00f6nheiten, arch\u00e4ologische [&hellip;]<\/p>\n","protected":false},"author":1,"featured_media":0,"parent":0,"menu_order":0,"comment_status":"closed","ping_status":"closed","template":"template-homepage.php","meta":{"inline_featured_image":false,"footnotes":""},"class_list":["post-10974","page","type-page","status-publish","hentry"],"yoast_head":"<!-- This site is optimized with the Yoast SEO plugin v26.8 - https:\/\/yoast.com\/product\/yoast-seo-wordpress\/ -->\n<title>Das Gebiet - Maluentu - Hotel, Bar &amp; Restaurant<\/title>\n<meta name=\"description\" content=\"unser land Das Gebiet Die Halbinsel Sinis erstreckt sich \u00fcber etwa 19 km K\u00fcste zwischen dem s\u00fcdwestlichen Ende des Leuchtturms von Capo San Marco und dem\" \/>\n<meta name=\"robots\" content=\"index, follow, max-snippet:-1, max-image-preview:large, max-video-preview:-1\" \/>\n<link rel=\"canonical\" href=\"https:\/\/www.maluentu.net\/de\/das-gebiet\/\" \/>\n<meta property=\"og:locale\" content=\"de_DE\" \/>\n<meta property=\"og:type\" content=\"article\" \/>\n<meta property=\"og:title\" content=\"Das Gebiet - Maluentu - Hotel, Bar &amp; Restaurant\" \/>\n<meta property=\"og:description\" content=\"unser land Das Gebiet Die Halbinsel Sinis erstreckt sich \u00fcber etwa 19 km K\u00fcste zwischen dem s\u00fcdwestlichen Ende des Leuchtturms von Capo San Marco und dem\" \/>\n<meta property=\"og:url\" content=\"https:\/\/www.maluentu.net\/de\/das-gebiet\/\" \/>\n<meta property=\"og:site_name\" content=\"Maluentu - Hotel, Bar &amp; Restaurant\" \/>\n<meta property=\"article:publisher\" content=\"https:\/\/www.facebook.com\/MaluentuPutzuidu\" \/>\n<meta property=\"article:modified_time\" content=\"2023-12-18T17:27:31+00:00\" \/>\n<meta name=\"twitter:card\" content=\"summary_large_image\" \/>\n<meta name=\"twitter:label1\" content=\"Gesch\u00e4tzte Lesezeit\" \/>\n\t<meta name=\"twitter:data1\" content=\"1\u00a0Minute\" \/>\n<script type=\"application\/ld+json\" class=\"yoast-schema-graph\">{\"@context\":\"https:\/\/schema.org\",\"@graph\":[{\"@type\":\"WebPage\",\"@id\":\"https:\/\/www.maluentu.net\/de\/das-gebiet\/\",\"url\":\"https:\/\/www.maluentu.net\/de\/das-gebiet\/\",\"name\":\"Das Gebiet - Maluentu - Hotel, Bar &amp; Restaurant\",\"isPartOf\":{\"@id\":\"https:\/\/www.maluentu.net\/#website\"},\"datePublished\":\"2023-10-11T16:49:55+00:00\",\"dateModified\":\"2023-12-18T17:27:31+00:00\",\"description\":\"unser land Das Gebiet Die Halbinsel Sinis erstreckt sich \u00fcber etwa 19 km K\u00fcste zwischen dem s\u00fcdwestlichen Ende des Leuchtturms von Capo San Marco und dem\",\"breadcrumb\":{\"@id\":\"https:\/\/www.maluentu.net\/de\/das-gebiet\/#breadcrumb\"},\"inLanguage\":\"de\",\"potentialAction\":[{\"@type\":\"ReadAction\",\"target\":[\"https:\/\/www.maluentu.net\/de\/das-gebiet\/\"]}]},{\"@type\":\"BreadcrumbList\",\"@id\":\"https:\/\/www.maluentu.net\/de\/das-gebiet\/#breadcrumb\",\"itemListElement\":[{\"@type\":\"ListItem\",\"position\":1,\"name\":\"Home\",\"item\":\"https:\/\/www.maluentu.net\/en\/\"},{\"@type\":\"ListItem\",\"position\":2,\"name\":\"Das Gebiet\"}]},{\"@type\":\"WebSite\",\"@id\":\"https:\/\/www.maluentu.net\/#website\",\"url\":\"https:\/\/www.maluentu.net\/\",\"name\":\"Maluentu - Hotel, Bar & Restaurant\",\"description\":\"\",\"publisher\":{\"@id\":\"https:\/\/www.maluentu.net\/#organization\"},\"potentialAction\":[{\"@type\":\"SearchAction\",\"target\":{\"@type\":\"EntryPoint\",\"urlTemplate\":\"https:\/\/www.maluentu.net\/?s={search_term_string}\"},\"query-input\":{\"@type\":\"PropertyValueSpecification\",\"valueRequired\":true,\"valueName\":\"search_term_string\"}}],\"inLanguage\":\"de\"},{\"@type\":\"Organization\",\"@id\":\"https:\/\/www.maluentu.net\/#organization\",\"name\":\"Maluentu\",\"url\":\"https:\/\/www.maluentu.net\/\",\"logo\":{\"@type\":\"ImageObject\",\"inLanguage\":\"de\",\"@id\":\"https:\/\/www.maluentu.net\/#\/schema\/logo\/image\/\",\"url\":\"https:\/\/www.maluentu.net\/wp-content\/uploads\/2023\/10\/Logo_Maluentu_500.png\",\"contentUrl\":\"https:\/\/www.maluentu.net\/wp-content\/uploads\/2023\/10\/Logo_Maluentu_500.png\",\"width\":500,\"height\":500,\"caption\":\"Maluentu\"},\"image\":{\"@id\":\"https:\/\/www.maluentu.net\/#\/schema\/logo\/image\/\"},\"sameAs\":[\"https:\/\/www.facebook.com\/MaluentuPutzuidu\",\"https:\/\/www.instagram.com\/maluentu\/\"]}]}<\/script>\n<!-- \/ Yoast SEO plugin. -->","yoast_head_json":{"title":"Das Gebiet - Maluentu - Hotel, Bar &amp; Restaurant","description":"unser land Das Gebiet Die Halbinsel Sinis erstreckt sich \u00fcber etwa 19 km K\u00fcste zwischen dem s\u00fcdwestlichen Ende des Leuchtturms von Capo San Marco und dem","robots":{"index":"index","follow":"follow","max-snippet":"max-snippet:-1","max-image-preview":"max-image-preview:large","max-video-preview":"max-video-preview:-1"},"canonical":"https:\/\/www.maluentu.net\/de\/das-gebiet\/","og_locale":"de_DE","og_type":"article","og_title":"Das Gebiet - Maluentu - Hotel, Bar &amp; Restaurant","og_description":"unser land Das Gebiet Die Halbinsel Sinis erstreckt sich \u00fcber etwa 19 km K\u00fcste zwischen dem s\u00fcdwestlichen Ende des Leuchtturms von Capo San Marco und dem","og_url":"https:\/\/www.maluentu.net\/de\/das-gebiet\/","og_site_name":"Maluentu - Hotel, Bar &amp; Restaurant","article_publisher":"https:\/\/www.facebook.com\/MaluentuPutzuidu","article_modified_time":"2023-12-18T17:27:31+00:00","twitter_card":"summary_large_image","twitter_misc":{"Gesch\u00e4tzte Lesezeit":"1\u00a0Minute"},"schema":{"@context":"https:\/\/schema.org","@graph":[{"@type":"WebPage","@id":"https:\/\/www.maluentu.net\/de\/das-gebiet\/","url":"https:\/\/www.maluentu.net\/de\/das-gebiet\/","name":"Das Gebiet - Maluentu - Hotel, Bar &amp; Restaurant","isPartOf":{"@id":"https:\/\/www.maluentu.net\/#website"},"datePublished":"2023-10-11T16:49:55+00:00","dateModified":"2023-12-18T17:27:31+00:00","description":"unser land Das Gebiet Die Halbinsel Sinis erstreckt sich \u00fcber etwa 19 km K\u00fcste zwischen dem s\u00fcdwestlichen Ende des Leuchtturms von Capo San Marco und dem","breadcrumb":{"@id":"https:\/\/www.maluentu.net\/de\/das-gebiet\/#breadcrumb"},"inLanguage":"de","potentialAction":[{"@type":"ReadAction","target":["https:\/\/www.maluentu.net\/de\/das-gebiet\/"]}]},{"@type":"BreadcrumbList","@id":"https:\/\/www.maluentu.net\/de\/das-gebiet\/#breadcrumb","itemListElement":[{"@type":"ListItem","position":1,"name":"Home","item":"https:\/\/www.maluentu.net\/en\/"},{"@type":"ListItem","position":2,"name":"Das Gebiet"}]},{"@type":"WebSite","@id":"https:\/\/www.maluentu.net\/#website","url":"https:\/\/www.maluentu.net\/","name":"Maluentu - Hotel, Bar & Restaurant","description":"","publisher":{"@id":"https:\/\/www.maluentu.net\/#organization"},"potentialAction":[{"@type":"SearchAction","target":{"@type":"EntryPoint","urlTemplate":"https:\/\/www.maluentu.net\/?s={search_term_string}"},"query-input":{"@type":"PropertyValueSpecification","valueRequired":true,"valueName":"search_term_string"}}],"inLanguage":"de"},{"@type":"Organization","@id":"https:\/\/www.maluentu.net\/#organization","name":"Maluentu","url":"https:\/\/www.maluentu.net\/","logo":{"@type":"ImageObject","inLanguage":"de","@id":"https:\/\/www.maluentu.net\/#\/schema\/logo\/image\/","url":"https:\/\/www.maluentu.net\/wp-content\/uploads\/2023\/10\/Logo_Maluentu_500.png","contentUrl":"https:\/\/www.maluentu.net\/wp-content\/uploads\/2023\/10\/Logo_Maluentu_500.png","width":500,"height":500,"caption":"Maluentu"},"image":{"@id":"https:\/\/www.maluentu.net\/#\/schema\/logo\/image\/"},"sameAs":["https:\/\/www.facebook.com\/MaluentuPutzuidu","https:\/\/www.instagram.com\/maluentu\/"]}]}},"_links":{"self":[{"href":"https:\/\/www.maluentu.net\/de\/wp-json\/wp\/v2\/pages\/10974","targetHints":{"allow":["GET"]}}],"collection":[{"href":"https:\/\/www.maluentu.net\/de\/wp-json\/wp\/v2\/pages"}],"about":[{"href":"https:\/\/www.maluentu.net\/de\/wp-json\/wp\/v2\/types\/page"}],"author":[{"embeddable":true,"href":"https:\/\/www.maluentu.net\/de\/wp-json\/wp\/v2\/users\/1"}],"replies":[{"embeddable":true,"href":"https:\/\/www.maluentu.net\/de\/wp-json\/wp\/v2\/comments?post=10974"}],"version-history":[{"count":4,"href":"https:\/\/www.maluentu.net\/de\/wp-json\/wp\/v2\/pages\/10974\/revisions"}],"predecessor-version":[{"id":10979,"href":"https:\/\/www.maluentu.net\/de\/wp-json\/wp\/v2\/pages\/10974\/revisions\/10979"}],"wp:attachment":[{"href":"https:\/\/www.maluentu.net\/de\/wp-json\/wp\/v2\/media?parent=10974"}],"curies":[{"name":"wp","href":"https:\/\/api.w.org\/{rel}","templated":true}]}}